{"id":31249,"date":"2026-03-05T14:20:47","date_gmt":"2026-03-05T13:20:47","guid":{"rendered":"https:\/\/lescordes.be\/?post_type=product&#038;p=31249"},"modified":"2026-03-31T08:50:31","modified_gmt":"2026-03-31T06:50:31","slug":"mob50-boucles-doreilles-argente","status":"publish","type":"product","link":"https:\/\/lescordes.be\/fr\/produit\/mob50-boucles-doreilles-argente\/","title":{"rendered":"MOB50 BOUCLES D&rsquo;OREILLES ARGENT\u00c9"},"content":{"rendered":"<p>Ces boucles d\u2019oreilles argent\u00e9es de la s\u00e9rie MOB50 pr\u00e9sentent une brillance douce et mate ainsi qu\u2019une forme de feuille raffin\u00e9e qui encadre d\u00e9licatement le visage. Un design moderne et polyvalent qui s\u2019adapte \u00e0 toutes les tenues.<\/p>\n","protected":false},"excerpt":{"rendered":"<p>Boucles d\u2019oreilles argent\u00e9es \u00e0 finition mate<\/p>\n","protected":false},"featured_media":23370,"template":"","meta":[],"product_brand":[],"product_cat":[49],"product_tag":[1108],"class_list":{"0":"post-31249","1":"product","2":"type-product","3":"status-publish","4":"has-post-thumbnail","6":"product_cat-boucles-doreilles","7":"product_tag-mob50","9":"first","10":"instock","11":"taxable","12":"shipping-taxable","13":"purchasable","14":"product-type-simple"},"_links":{"self":[{"href":"https:\/\/lescordes.be\/fr\/wp-json\/wp\/v2\/product\/31249","targetHints":{"allow":["GET"]}}],"collection":[{"href":"https:\/\/lescordes.be\/fr\/wp-json\/wp\/v2\/product"}],"about":[{"href":"https:\/\/lescordes.be\/fr\/wp-json\/wp\/v2\/types\/product"}],"wp:featuredmedia":[{"embeddable":true,"href":"https:\/\/lescordes.be\/fr\/wp-json\/wp\/v2\/media\/23370"}],"wp:attachment":[{"href":"https:\/\/lescordes.be\/fr\/wp-json\/wp\/v2\/media?parent=31249"}],"wp:term":[{"taxonomy":"product_brand","embeddable":true,"href":"https:\/\/lescordes.be\/fr\/wp-json\/wp\/v2\/product_brand?post=31249"},{"taxonomy":"product_cat","embeddable":true,"href":"https:\/\/lescordes.be\/fr\/wp-json\/wp\/v2\/product_cat?post=31249"},{"taxonomy":"product_tag","embeddable":true,"href":"https:\/\/lescordes.be\/fr\/wp-json\/wp\/v2\/product_tag?post=31249"}],"curies":[{"name":"wp","href":"https:\/\/api.w.org\/{rel}","templated":true}]}}