{"id":31000,"date":"2026-03-05T14:18:19","date_gmt":"2026-03-05T13:18:19","guid":{"rendered":"https:\/\/lescordes.be\/?post_type=product&#038;p=31000"},"modified":"2026-03-11T13:40:55","modified_gmt":"2026-03-11T12:40:55","slug":"didier-collier-dore-mat","status":"publish","type":"product","link":"https:\/\/lescordes.be\/fr\/produit\/didier-collier-dore-mat\/","title":{"rendered":"DIDIER COLLIER DORE MAT"},"content":{"rendered":"<p>Le collier DIDIER en dor\u00e9 mat est une v\u00e9ritable pi\u00e8ce ma\u00eetresse, avec ses maillons tress\u00e9s au design unique. Il allie douceur et volume pour un rendu \u00e0 la fois \u00e9l\u00e9gant et moderne. Parfait sur une blouse ou une robe pour une touche de luxe subtile. \u00c0 associer avec le bracelet pour un ensemble raffin\u00e9 et plein de caract\u00e8re.<\/p>\n","protected":false},"excerpt":{"rendered":"<p>Collier court dor\u00e9 mat \u00e0 maillons tress\u00e9s<\/p>\n","protected":false},"featured_media":23952,"template":"","meta":[],"product_brand":[],"product_cat":[54],"product_tag":[987],"class_list":{"0":"post-31000","1":"product","2":"type-product","3":"status-publish","4":"has-post-thumbnail","6":"product_cat-colliers","7":"product_tag-didier","9":"first","10":"instock","11":"taxable","12":"shipping-taxable","13":"purchasable","14":"product-type-simple"},"_links":{"self":[{"href":"https:\/\/lescordes.be\/fr\/wp-json\/wp\/v2\/product\/31000","targetHints":{"allow":["GET"]}}],"collection":[{"href":"https:\/\/lescordes.be\/fr\/wp-json\/wp\/v2\/product"}],"about":[{"href":"https:\/\/lescordes.be\/fr\/wp-json\/wp\/v2\/types\/product"}],"wp:featuredmedia":[{"embeddable":true,"href":"https:\/\/lescordes.be\/fr\/wp-json\/wp\/v2\/media\/23952"}],"wp:attachment":[{"href":"https:\/\/lescordes.be\/fr\/wp-json\/wp\/v2\/media?parent=31000"}],"wp:term":[{"taxonomy":"product_brand","embeddable":true,"href":"https:\/\/lescordes.be\/fr\/wp-json\/wp\/v2\/product_brand?post=31000"},{"taxonomy":"product_cat","embeddable":true,"href":"https:\/\/lescordes.be\/fr\/wp-json\/wp\/v2\/product_cat?post=31000"},{"taxonomy":"product_tag","embeddable":true,"href":"https:\/\/lescordes.be\/fr\/wp-json\/wp\/v2\/product_tag?post=31000"}],"curies":[{"name":"wp","href":"https:\/\/api.w.org\/{rel}","templated":true}]}}