{"id":30990,"date":"2026-03-05T14:18:18","date_gmt":"2026-03-05T13:18:18","guid":{"rendered":"https:\/\/lescordes.be\/?post_type=product&#038;p=30990"},"modified":"2026-03-09T09:17:17","modified_gmt":"2026-03-09T08:17:17","slug":"detroit-collier-argente-mat","status":"publish","type":"product","link":"https:\/\/lescordes.be\/fr\/produit\/detroit-collier-argente-mat\/","title":{"rendered":"DETROIT COLLIER ARGENTE MAT"},"content":{"rendered":"<p>Ce collier DETROIT argent\u00e9 mat se distingue par son \u00e9clat subtil et sa texture douce. Les maillons naturels offrent un look \u00e0 la fois ludique et \u00e9l\u00e9gant, id\u00e9al pour toutes les occasions. \u00c0 combiner avec le bracelet ou les boucles d\u2019oreilles de la m\u00eame s\u00e9rie pour une parure intemporelle.<\/p>\n","protected":false},"excerpt":{"rendered":"<p>Collier argent\u00e9 mat avec maillons \u00e9l\u00e9gants<\/p>\n","protected":false},"featured_media":23994,"template":"","meta":[],"product_brand":[],"product_cat":[54],"product_tag":[986],"class_list":{"0":"post-30990","1":"product","2":"type-product","3":"status-publish","4":"has-post-thumbnail","6":"product_cat-colliers","7":"product_tag-detroit","9":"first","10":"instock","11":"taxable","12":"shipping-taxable","13":"purchasable","14":"product-type-simple"},"_links":{"self":[{"href":"https:\/\/lescordes.be\/fr\/wp-json\/wp\/v2\/product\/30990","targetHints":{"allow":["GET"]}}],"collection":[{"href":"https:\/\/lescordes.be\/fr\/wp-json\/wp\/v2\/product"}],"about":[{"href":"https:\/\/lescordes.be\/fr\/wp-json\/wp\/v2\/types\/product"}],"wp:featuredmedia":[{"embeddable":true,"href":"https:\/\/lescordes.be\/fr\/wp-json\/wp\/v2\/media\/23994"}],"wp:attachment":[{"href":"https:\/\/lescordes.be\/fr\/wp-json\/wp\/v2\/media?parent=30990"}],"wp:term":[{"taxonomy":"product_brand","embeddable":true,"href":"https:\/\/lescordes.be\/fr\/wp-json\/wp\/v2\/product_brand?post=30990"},{"taxonomy":"product_cat","embeddable":true,"href":"https:\/\/lescordes.be\/fr\/wp-json\/wp\/v2\/product_cat?post=30990"},{"taxonomy":"product_tag","embeddable":true,"href":"https:\/\/lescordes.be\/fr\/wp-json\/wp\/v2\/product_tag?post=30990"}],"curies":[{"name":"wp","href":"https:\/\/api.w.org\/{rel}","templated":true}]}}