{"id":30922,"date":"2026-03-05T14:17:32","date_gmt":"2026-03-05T13:17:32","guid":{"rendered":"https:\/\/lescordes.be\/?post_type=product&#038;p=30922"},"modified":"2026-03-25T10:40:52","modified_gmt":"2026-03-25T09:40:52","slug":"daiman-boucles-doreilles-argente","status":"publish","type":"product","link":"https:\/\/lescordes.be\/fr\/produit\/daiman-boucles-doreilles-argente\/","title":{"rendered":"DAIMAN BOUCLES D&rsquo;OREILLES ARGENTE"},"content":{"rendered":"<p>Ces boucles d\u2019oreilles argent\u00e9es de la collection DAIMAN associent simplicit\u00e9 et \u00e9l\u00e9gance. Les deux cercles ouverts cr\u00e9ent un jeu de lignes raffin\u00e9, parfaitement assorti au bracelet et aux colliers de la m\u00eame collection.<\/p>\n","protected":false},"excerpt":{"rendered":"<p>Boucles d\u2019oreilles argent\u00e9es \u00e0 doubles cercles<\/p>\n","protected":false},"featured_media":23674,"template":"","meta":[],"product_brand":[],"product_cat":[49],"product_tag":[1077],"class_list":{"0":"post-30922","1":"product","2":"type-product","3":"status-publish","4":"has-post-thumbnail","6":"product_cat-boucles-doreilles","7":"product_tag-daiman","9":"first","10":"instock","11":"taxable","12":"shipping-taxable","13":"purchasable","14":"product-type-simple"},"_links":{"self":[{"href":"https:\/\/lescordes.be\/fr\/wp-json\/wp\/v2\/product\/30922","targetHints":{"allow":["GET"]}}],"collection":[{"href":"https:\/\/lescordes.be\/fr\/wp-json\/wp\/v2\/product"}],"about":[{"href":"https:\/\/lescordes.be\/fr\/wp-json\/wp\/v2\/types\/product"}],"wp:featuredmedia":[{"embeddable":true,"href":"https:\/\/lescordes.be\/fr\/wp-json\/wp\/v2\/media\/23674"}],"wp:attachment":[{"href":"https:\/\/lescordes.be\/fr\/wp-json\/wp\/v2\/media?parent=30922"}],"wp:term":[{"taxonomy":"product_brand","embeddable":true,"href":"https:\/\/lescordes.be\/fr\/wp-json\/wp\/v2\/product_brand?post=30922"},{"taxonomy":"product_cat","embeddable":true,"href":"https:\/\/lescordes.be\/fr\/wp-json\/wp\/v2\/product_cat?post=30922"},{"taxonomy":"product_tag","embeddable":true,"href":"https:\/\/lescordes.be\/fr\/wp-json\/wp\/v2\/product_tag?post=30922"}],"curies":[{"name":"wp","href":"https:\/\/api.w.org\/{rel}","templated":true}]}}